{"id":7,"date":"2016-01-29T10:13:23","date_gmt":"2016-01-29T10:13:23","guid":{"rendered":"https:\/\/the7.io\/beauty-studio\/?page_id=7"},"modified":"2019-06-09T21:33:23","modified_gmt":"2019-06-09T21:33:23","slug":"services","status":"publish","type":"page","link":"https:\/\/docservices.com.py\/index.php\/services\/","title":{"rendered":"SERVICIOS"},"content":{"rendered":"<div class=\"wpb-content-wrapper\"><p>[vc_row type=\u00bbvc_default\u00bb css=\u00bb.vc_custom_1498212582492{padding-bottom: 20px !important;}\u00bb][vc_column css_animation=\u00bbslideInDown\u00bb width=\u00bb1\/2&#8243; css=\u00bb.vc_custom_1533681869838{padding-bottom: 50px !important;}\u00bb]<style type=\"text\/css\" data-type=\"the7_shortcodes-inline-css\">.shortcode-single-image-wrap.shortcode-single-image-63a6736e211d24ba66bc359ac3d11c94.enable-bg-rollover .rollover i,\n.shortcode-single-image-wrap.shortcode-single-image-63a6736e211d24ba66bc359ac3d11c94.enable-bg-rollover .rollover-video i {\n  background: -webkit-linear-gradient();\n  background: linear-gradient();\n}\n.shortcode-single-image-wrap.shortcode-single-image-63a6736e211d24ba66bc359ac3d11c94 .rollover-icon {\n  font-size: 32px;\n  color: #ffffff;\n  min-width: 44px;\n  min-height: 44px;\n  line-height: 44px;\n  border-radius: 100px;\n  border-style: solid;\n  border-width: 0px;\n}\n.dt-icon-bg-on.shortcode-single-image-wrap.shortcode-single-image-63a6736e211d24ba66bc359ac3d11c94 .rollover-icon {\n  background: rgba(255,255,255,0.3);\n  box-shadow: none;\n}<\/style><div class=\"shortcode-single-image-wrap shortcode-single-image-63a6736e211d24ba66bc359ac3d11c94 alignnone  vc_custom_1534169163440 enable-bg-rollover dt-icon-bg-off\" ><div class=\"shortcode-single-image\"><div class=\"fancy-media-wrap  layzr-bg\" style=\"border-radius:500px;\"><img decoding=\"async\" class=\"preload-me lazy-load aspect\" src=\"data:image\/svg+xml,%3Csvg%20xmlns%3D&#39;http%3A%2F%2Fwww.w3.org%2F2000%2Fsvg&#39;%20viewBox%3D&#39;0%200%20220%20220&#39;%2F%3E\" data-src=\"https:\/\/docservices.com.py\/wp-content\/uploads\/2018\/08\/oil-220x220.jpg\" data-srcset=\"https:\/\/docservices.com.py\/wp-content\/uploads\/2018\/08\/oil-220x220.jpg 220w, https:\/\/docservices.com.py\/wp-content\/uploads\/2018\/08\/oil-440x440.jpg 440w\" loading=\"eager\" sizes=\"(max-width: 220px) 100vw, 220px\" width=\"220\" height=\"220\"  data-dt-location=\"https:\/\/docservices.com.py\/index.php\/services\/oil\/\" style=\"--ratio: 220 \/ 220;border-radius:500px;\" alt=\"\" \/><\/div><\/div><\/div><span id=\"creative-link-wrap-3038\" class=\"ult_main_cl ult-adjust-bottom-margin  \" >\n\t \t\t\t<span class=\"  ult_crlink\" >\n\t\t\t\t\t<a  data-ultimate-target='#creative-link-wrap-3038 .ult_colorlink'  data-responsive-json-new='{\"font-size\":\"desktop:26px;\",\"line-height\":\"desktop:32px;\"}'  href=\"https:\/\/docservices.com.py\/index.php\/inspecciones-de-productos-del-petroleo\/\"  class=\"ult_colorlink ult-responsive  vc_custom_1533656973571\" style=\"font-family:Open Sans Condensed;font-weight:700; \"  data-textcolor=\"#1f365c\" data-texthover=\"#ffb536\"data-style=\"\">\n\t\t\t\t\t\t\n\t\t\t\t\t\t<span data-hover=\"INSPECCIONES DE PRODUCTOS DEL PETR\u00d3LEO\" style=\"color:#1f365c;;;\" class=\"ult_btn10_span   \">INSPECCIONES DE PRODUCTOS DEL PETR\u00d3LEO<\/span>\n\t\t\t\t\t\t\n\t\t\t\t\t<\/a>\n\t\t\t\t<\/span>\n\t\t\t<\/span>[vc_column_text css=\u00bb.vc_custom_1534169096673{margin-top: -40px !important;}\u00bb]<\/p>\n<p style=\"text-align: center;\">El producto b\u00e1sico (petr\u00f3leo crudo, gasolina, gasoil, LPG, etc.) se inspecciona antes o durante el env\u00edo. La inspecci\u00f3n busca asegurar que el producto cumpla estrictamente con las especificaciones acordadas.<\/p>\n<p>[\/vc_column_text][\/vc_column][vc_column css_animation=\u00bbslideInDown\u00bb width=\u00bb1\/2&#8243; css=\u00bb.vc_custom_1533681881157{padding-bottom: 50px !important;}\u00bb]<style type=\"text\/css\" data-type=\"the7_shortcodes-inline-css\">.shortcode-single-image-wrap.shortcode-single-image-2a49d771b0a9d572639f72339dc2e921.enable-bg-rollover .rollover i,\n.shortcode-single-image-wrap.shortcode-single-image-2a49d771b0a9d572639f72339dc2e921.enable-bg-rollover .rollover-video i {\n  background: -webkit-linear-gradient();\n  background: linear-gradient();\n}\n.shortcode-single-image-wrap.shortcode-single-image-2a49d771b0a9d572639f72339dc2e921 .rollover-icon {\n  font-size: 32px;\n  color: #ffffff;\n  min-width: 44px;\n  min-height: 44px;\n  line-height: 44px;\n  border-radius: 100px;\n  border-style: solid;\n  border-width: 0px;\n}\n.dt-icon-bg-on.shortcode-single-image-wrap.shortcode-single-image-2a49d771b0a9d572639f72339dc2e921 .rollover-icon {\n  background: rgba(255,255,255,0.3);\n  box-shadow: none;\n}<\/style><div class=\"shortcode-single-image-wrap shortcode-single-image-2a49d771b0a9d572639f72339dc2e921 alignnone  vc_custom_1534169170097 enable-bg-rollover dt-icon-bg-off\" ><div class=\"shortcode-single-image\"><div class=\"fancy-media-wrap  layzr-bg\" style=\"border-radius:500px;\"><img decoding=\"async\" class=\"preload-me lazy-load aspect\" src=\"data:image\/svg+xml,%3Csvg%20xmlns%3D&#39;http%3A%2F%2Fwww.w3.org%2F2000%2Fsvg&#39;%20viewBox%3D&#39;0%200%20220%20220&#39;%2F%3E\" data-src=\"https:\/\/docservices.com.py\/wp-content\/uploads\/2018\/08\/Fertilizantes-2-220x220.jpg\" data-srcset=\"https:\/\/docservices.com.py\/wp-content\/uploads\/2018\/08\/Fertilizantes-2-220x220.jpg 220w, https:\/\/docservices.com.py\/wp-content\/uploads\/2018\/08\/Fertilizantes-2-400x400.jpg 400w\" loading=\"eager\" sizes=\"(max-width: 220px) 100vw, 220px\" width=\"220\" height=\"220\"  data-dt-location=\"https:\/\/docservices.com.py\/index.php\/services\/fertilizantes-2\/\" style=\"--ratio: 220 \/ 220;border-radius:500px;\" alt=\"\" \/><\/div><\/div><\/div><span id=\"creative-link-wrap-6909\" class=\"ult_main_cl ult-adjust-bottom-margin  \" >\n\t \t\t\t<span class=\"  ult_crlink\" >\n\t\t\t\t\t<a  data-ultimate-target='#creative-link-wrap-6909 .ult_colorlink'  data-responsive-json-new='{\"font-size\":\"desktop:26px;\",\"line-height\":\"desktop:32px;\"}'  href=\"https:\/\/docservices.com.py\/index.php\/inspecciones-de-fertilizantes\/\"  class=\"ult_colorlink ult-responsive  vc_custom_1533681719295\" style=\"font-family:Open Sans Condensed;font-weight:700; \"  data-textcolor=\"#1f365c\" data-texthover=\"#ffb536\"data-style=\"\">\n\t\t\t\t\t\t\n\t\t\t\t\t\t<span data-hover=\"INSPECCIONES DE FERTILIZANTES\" style=\"color:#1f365c;;;\" class=\"ult_btn10_span   \">INSPECCIONES DE FERTILIZANTES<\/span>\n\t\t\t\t\t\t\n\t\t\t\t\t<\/a>\n\t\t\t\t<\/span>\n\t\t\t<\/span>[vc_column_text css=\u00bb.vc_custom_1534169023553{margin-top: -40px !important;}\u00bb]<\/p>\n<p style=\"text-align: center;\">Podemos desarrollar un servicio adaptado a sus necesidades. A continuaci\u00f3n, nombraremos a uno de nuestros expertos locales en fertilizantes para que represente sus intereses con operaciones tales como carga, descarga o transbordo.<\/p>\n<p>[\/vc_column_text][\/vc_column][\/vc_row][vc_row type=\u00bbvc_default\u00bb css=\u00bb.vc_custom_1498212582492{padding-bottom: 20px !important;}\u00bb][vc_column css_animation=\u00bbslideInDown\u00bb width=\u00bb1\/2&#8243; css=\u00bb.vc_custom_1533681916794{padding-bottom: 50px !important;}\u00bb]<style type=\"text\/css\" data-type=\"the7_shortcodes-inline-css\">.shortcode-single-image-wrap.shortcode-single-image-f74aa399288bdd338ee2d555577349c2.enable-bg-rollover .rollover i,\n.shortcode-single-image-wrap.shortcode-single-image-f74aa399288bdd338ee2d555577349c2.enable-bg-rollover .rollover-video i {\n  background: -webkit-linear-gradient();\n  background: linear-gradient();\n}\n.shortcode-single-image-wrap.shortcode-single-image-f74aa399288bdd338ee2d555577349c2 .rollover-icon {\n  font-size: 32px;\n  color: #ffffff;\n  min-width: 44px;\n  min-height: 44px;\n  line-height: 44px;\n  border-radius: 100px;\n  border-style: solid;\n  border-width: 0px;\n}\n.dt-icon-bg-on.shortcode-single-image-wrap.shortcode-single-image-f74aa399288bdd338ee2d555577349c2 .rollover-icon {\n  background: rgba(255,255,255,0.3);\n  box-shadow: none;\n}<\/style><div class=\"shortcode-single-image-wrap shortcode-single-image-f74aa399288bdd338ee2d555577349c2 alignnone  vc_custom_1534169190216 enable-bg-rollover dt-icon-bg-off\" ><div class=\"shortcode-single-image\"><div class=\"fancy-media-wrap  layzr-bg\" style=\"border-radius:500px;\"><img decoding=\"async\" class=\"preload-me lazy-load aspect\" src=\"data:image\/svg+xml,%3Csvg%20xmlns%3D&#39;http%3A%2F%2Fwww.w3.org%2F2000%2Fsvg&#39;%20viewBox%3D&#39;0%200%20220%20220&#39;%2F%3E\" data-src=\"https:\/\/docservices.com.py\/wp-content\/uploads\/2018\/08\/tanques2-220x220.jpg\" data-srcset=\"https:\/\/docservices.com.py\/wp-content\/uploads\/2018\/08\/tanques2-220x220.jpg 220w, https:\/\/docservices.com.py\/wp-content\/uploads\/2018\/08\/tanques2-333x333.jpg 333w\" loading=\"eager\" sizes=\"(max-width: 220px) 100vw, 220px\" width=\"220\" height=\"220\"  data-dt-location=\"https:\/\/docservices.com.py\/index.php\/home\/tanques2\/\" style=\"--ratio: 220 \/ 220;border-radius:500px;\" alt=\"\" \/><\/div><\/div><\/div><span id=\"creative-link-wrap-8633\" class=\"ult_main_cl ult-adjust-bottom-margin  \" >\n\t \t\t\t<span class=\"  ult_crlink\" >\n\t\t\t\t\t<a  data-ultimate-target='#creative-link-wrap-8633 .ult_colorlink'  data-responsive-json-new='{\"font-size\":\"desktop:26px;\",\"line-height\":\"desktop:32px;\"}'  href=\"https:\/\/docservices.com.py\/index.php\/servicios-de-metrologia\/\"  class=\"ult_colorlink ult-responsive  vc_custom_1533681769302\" style=\"font-family:Open Sans Condensed;font-weight:700; \"  data-textcolor=\"#1f365c\" data-texthover=\"#ffb536\"data-style=\"\">\n\t\t\t\t\t\t\n\t\t\t\t\t\t<span data-hover=\"SERVICIOS DE METROLOGIA\" style=\"color:#1f365c;;;\" class=\"ult_btn10_span   \">SERVICIOS DE METROLOGIA<\/span>\n\t\t\t\t\t\t\n\t\t\t\t\t<\/a>\n\t\t\t\t<\/span>\n\t\t\t<\/span>[vc_column_text css=\u00bb.vc_custom_1534168827484{margin-top: -40px !important;}\u00bb]<\/p>\n<p style=\"text-align: center;\">Calibraci\u00f3n de medidores volum\u00e9tricos, calibraci\u00f3n de tanques cil\u00edndricos verticales, horizontales y tanques especiales, calibraci\u00f3n de tanques de estaciones de servicio, calibraci\u00f3n de tanques de barcazas y tanques de buques y remolcadores.<\/p>\n<p>[\/vc_column_text][\/vc_column][vc_column width=\u00bb1\/2&#8243;]<style type=\"text\/css\" data-type=\"the7_shortcodes-inline-css\">.shortcode-single-image-wrap.shortcode-single-image-41343002459e665d04bc21c262d490f5.enable-bg-rollover .rollover i,\n.shortcode-single-image-wrap.shortcode-single-image-41343002459e665d04bc21c262d490f5.enable-bg-rollover .rollover-video i {\n  background: -webkit-linear-gradient();\n  background: linear-gradient();\n}\n.shortcode-single-image-wrap.shortcode-single-image-41343002459e665d04bc21c262d490f5 .rollover-icon {\n  font-size: 32px;\n  color: #ffffff;\n  min-width: 44px;\n  min-height: 44px;\n  line-height: 44px;\n  border-radius: 100px;\n  border-style: solid;\n  border-width: 0px;\n}\n.dt-icon-bg-on.shortcode-single-image-wrap.shortcode-single-image-41343002459e665d04bc21c262d490f5 .rollover-icon {\n  background: rgba(255,255,255,0.3);\n  box-shadow: none;\n}<\/style><div class=\"shortcode-single-image-wrap shortcode-single-image-41343002459e665d04bc21c262d490f5 alignnone  vc_custom_1534169175793 enable-bg-rollover dt-icon-bg-off\" ><div class=\"shortcode-single-image\"><div class=\"fancy-media-wrap  layzr-bg\" style=\"border-radius:500px;\"><img decoding=\"async\" class=\"preload-me lazy-load aspect\" src=\"data:image\/svg+xml,%3Csvg%20xmlns%3D&#39;http%3A%2F%2Fwww.w3.org%2F2000%2Fsvg&#39;%20viewBox%3D&#39;0%200%20220%20220&#39;%2F%3E\" data-src=\"https:\/\/docservices.com.py\/wp-content\/uploads\/2018\/08\/Agricola-2-220x220.jpg\" data-srcset=\"https:\/\/docservices.com.py\/wp-content\/uploads\/2018\/08\/Agricola-2-220x220.jpg 220w, https:\/\/docservices.com.py\/wp-content\/uploads\/2018\/08\/Agricola-2-381x381.jpg 381w\" loading=\"eager\" sizes=\"(max-width: 220px) 100vw, 220px\" width=\"220\" height=\"220\"  data-dt-location=\"https:\/\/docservices.com.py\/index.php\/services\/agricola-2\/\" style=\"--ratio: 220 \/ 220;border-radius:500px;\" alt=\"\" \/><\/div><\/div><\/div><span id=\"creative-link-wrap-5623\" class=\"ult_main_cl ult-adjust-bottom-margin  \" >\n\t \t\t\t<span class=\"  ult_crlink\" >\n\t\t\t\t\t<a  data-ultimate-target='#creative-link-wrap-5623 .ult_colorlink'  data-responsive-json-new='{\"font-size\":\"desktop:26px;\",\"line-height\":\"desktop:32px;\"}'  href=\"https:\/\/docservices.com.py\/index.php\/inspecciones-agricolas\/\"  class=\"ult_colorlink ult-responsive  vc_custom_1533681740312\" style=\"font-family:Open Sans Condensed;font-weight:700; \"  data-textcolor=\"#1f365c\" data-texthover=\"#ffb536\"data-style=\"\">\n\t\t\t\t\t\t\n\t\t\t\t\t\t<span data-hover=\"INSPECCIONES AGR\u00cdCOLAS\" style=\"color:#1f365c;;;\" class=\"ult_btn10_span   \">INSPECCIONES AGR\u00cdCOLAS<\/span>\n\t\t\t\t\t\t\n\t\t\t\t\t<\/a>\n\t\t\t\t<\/span>\n\t\t\t<\/span>[vc_column_text css=\u00bb.vc_custom_1534168956114{margin-top: -40px !important;}\u00bb]<\/p>\n<p style=\"text-align: center;\">El producto (granos, semillas oleaginosas, aceites vegetales, comidas, pellets, etc.) se inspecciona antes o durante el env\u00edo. Esto ocurre en las instalaciones del proveedor o en otras instalaciones que se especifiquen.<\/p>\n<p>[\/vc_column_text][\/vc_column][\/vc_row]<\/p>\n<\/div>","protected":false},"excerpt":{"rendered":"<p>[vc_row type=\u00bbvc_default\u00bb css=\u00bb.vc_custom_1498212582492{padding-bottom: 20px !important;}\u00bb][vc_column css_animation=\u00bbslideInDown\u00bb width=\u00bb1\/2&#8243; css=\u00bb.vc_custom_1533681869838{padding-bottom: 50px !important;}\u00bb][vc_column_text css=\u00bb.vc_custom_1534169096673{margin-top: -40px !important;}\u00bb] El producto b\u00e1sico (petr\u00f3leo crudo, gasolina, gasoil, LPG, etc.) se inspecciona antes o durante el env\u00edo. La inspecci\u00f3n busca asegurar que el producto cumpla estrictamente con las especificaciones acordadas. [\/vc_column_text][\/vc_column][vc_column css_animation=\u00bbslideInDown\u00bb width=\u00bb1\/2&#8243; css=\u00bb.vc_custom_1533681881157{padding-bottom: 50px !important;}\u00bb][vc_column_text css=\u00bb.vc_custom_1534169023553{margin-top: -40px !important;}\u00bb] Podemos desarrollar un servicio&hellip;<\/p>\n","protected":false},"author":1,"featured_media":0,"parent":0,"menu_order":300,"comment_status":"closed","ping_status":"closed","template":"","meta":{"footnotes":""},"class_list":["post-7","page","type-page","status-publish","hentry","description-off"],"_links":{"self":[{"href":"https:\/\/docservices.com.py\/index.php\/wp-json\/wp\/v2\/pages\/7","targetHints":{"allow":["GET"]}}],"collection":[{"href":"https:\/\/docservices.com.py\/index.php\/wp-json\/wp\/v2\/pages"}],"about":[{"href":"https:\/\/docservices.com.py\/index.php\/wp-json\/wp\/v2\/types\/page"}],"author":[{"embeddable":true,"href":"https:\/\/docservices.com.py\/index.php\/wp-json\/wp\/v2\/users\/1"}],"replies":[{"embeddable":true,"href":"https:\/\/docservices.com.py\/index.php\/wp-json\/wp\/v2\/comments?post=7"}],"version-history":[{"count":11,"href":"https:\/\/docservices.com.py\/index.php\/wp-json\/wp\/v2\/pages\/7\/revisions"}],"predecessor-version":[{"id":1777,"href":"https:\/\/docservices.com.py\/index.php\/wp-json\/wp\/v2\/pages\/7\/revisions\/1777"}],"wp:attachment":[{"href":"https:\/\/docservices.com.py\/index.php\/wp-json\/wp\/v2\/media?parent=7"}],"curies":[{"name":"wp","href":"https:\/\/api.w.org\/{rel}","templated":true}]}}