{"id":5,"date":"2016-01-29T10:12:39","date_gmt":"2016-01-29T10:12:39","guid":{"rendered":"https:\/\/the7.io\/beauty-studio\/?page_id=5"},"modified":"2024-04-04T21:37:24","modified_gmt":"2024-04-04T21:37:24","slug":"about","status":"publish","type":"page","link":"https:\/\/docservices.com.py\/index.php\/about\/","title":{"rendered":"NOSOTROS"},"content":{"rendered":"<div class=\"wpb-content-wrapper\"><p>[vc_row full_width=\u00bbstretch_row\u00bb equal_height=\u00bbyes\u00bb content_placement=\u00bbmiddle\u00bb bg_type=\u00bbbg_color\u00bb type=\u00bbvc_default\u00bb css=\u00bb.vc_custom_1498804043002{padding-top: 70px !important;padding-bottom: 20px !important;}\u00bb bg_color_value=\u00bb#f5f5f5&#8243;][vc_column css_animation=\u00bbfadeInRight\u00bb css=\u00bb.vc_custom_1533305439292{padding-bottom: 50px !important;}\u00bb offset=\u00bbvc_col-lg-8 vc_col-md-7&#8243;]<div id=\"ultimate-heading-766569da189c96c2c\" class=\"uvc-heading ult-adjust-bottom-margin ultimate-heading-766569da189c96c2c uvc-8802 \" data-hspacer=\"no_spacer\"  data-halign=\"left\" style=\"text-align:left\"><div class=\"uvc-heading-spacer no_spacer\" style=\"top\"><\/div><div class=\"uvc-main-heading ult-responsive\"  data-ultimate-target='.uvc-heading.ultimate-heading-766569da189c96c2c h2'  data-responsive-json-new='{\"font-size\":\"desktop:40px;\",\"line-height\":\"desktop:46px;\"}' ><h2 style=\"font-weight:bold;margin-bottom:30px;\">DOC SERVICES<\/h2><\/div><div class=\"uvc-sub-heading ult-responsive\"  data-ultimate-target='.uvc-heading.ultimate-heading-766569da189c96c2c .uvc-sub-heading '  data-responsive-json-new='{\"font-size\":\"desktop:20px;mobile_landscape:15px;\",\"line-height\":\"desktop:32px;mobile_landscape:22px;\"}'  style=\"font-style:italic;font-weight:normal;margin-bottom:30px;\">Establecida en 2018 en Paraguay y dirigida por un equipo comprometido de profesionales experimentados, le ofrece una amplia gama de servicios, inspecciones, tanto de cantidad como de calidad, amplia gama de servicios de calibraci\u00f3n, limpieza de barcazas, servicios t\u00e9cnicos y consultoria.<\/p>\n<p>Adem\u00e1s, DOC Services puede supervisar en su nombre la totalidad o parte de una transacci\u00f3n u operaci\u00f3n comercial relacionada con la compra, venta, comercializaci\u00f3n y traslado de materias primas, commodities, equipos industriales y productos de consumo. Actuamos con profesionalismo como sus ojos en el terreno.<\/p>\n<p>Si usted es un importador o un exportador, comprador, productor o trader, DOC Services se enfoca en la eliminaci\u00f3n del riesgo en la transacci\u00f3n comercial.<\/p>\n<p>Las inspecciones realizados por DOC Services siguen la norma del sistema de gesti\u00f3n de calidad ISO 9001: 2015.<\/div><\/div><div id=\"ultimate-heading-440169da189c96cee\" class=\"uvc-heading ult-adjust-bottom-margin ultimate-heading-440169da189c96cee uvc-2520 color-title\" data-hspacer=\"no_spacer\"  data-halign=\"left\" style=\"text-align:left\"><div class=\"uvc-heading-spacer no_spacer\" style=\"top\"><\/div><div class=\"uvc-main-heading ult-responsive\"  data-ultimate-target='.uvc-heading.ultimate-heading-440169da189c96cee h6'  data-responsive-json-new='{\"font-size\":\"desktop:26px;\",\"line-height\":\"desktop:32px;\"}' ><h6 style=\"font-weight:bold;margin-bottom:10px;\">\u00a1En todos sus negocios, DOC Services puede apoyarlo y minimizar el riesgo!<\/h6><\/div><\/div>[\/vc_column][vc_column css_animation=\u00bbfadeInLeft\u00bb width=\u00bb1\/2&#8243; offset=\u00bbvc_col-lg-offset-0 vc_col-lg-4 vc_col-md-offset-0 vc_col-md-5 vc_col-sm-offset-3 vc_col-xs-offset-2 vc_col-xs-8&#8243; css=\u00bb.vc_custom_1533305457999{padding-bottom: 50px !important;}\u00bb]<style type=\"text\/css\" data-type=\"the7_shortcodes-inline-css\">.shortcode-single-image-wrap.shortcode-single-image-6afb510a0ad2f8a1013541199ebad222.enable-bg-rollover .rollover i,\n.shortcode-single-image-wrap.shortcode-single-image-6afb510a0ad2f8a1013541199ebad222.enable-bg-rollover .rollover-video i {\n  background: -webkit-linear-gradient();\n  background: linear-gradient();\n}\n.shortcode-single-image-wrap.shortcode-single-image-6afb510a0ad2f8a1013541199ebad222 .rollover-icon {\n  font-size: 32px;\n  color: #ffffff;\n  min-width: 44px;\n  min-height: 44px;\n  line-height: 44px;\n  border-radius: 100px;\n  border-style: solid;\n  border-width: 0px;\n}\n.dt-icon-bg-on.shortcode-single-image-wrap.shortcode-single-image-6afb510a0ad2f8a1013541199ebad222 .rollover-icon {\n  background: rgba(255,255,255,0.3);\n  box-shadow: none;\n}<\/style><div class=\"shortcode-single-image-wrap shortcode-single-image-6afb510a0ad2f8a1013541199ebad222 alignnone  enable-bg-rollover dt-icon-bg-off\" style=\"margin-top:0px; margin-bottom:0px; margin-left:0px; margin-right:0px; width:800px;\"><div class=\"shortcode-single-image\"><div class=\"fancy-media-wrap  layzr-bg\" style=\"border-radius:1000px;\"><img fetchpriority=\"high\" decoding=\"async\" class=\"preload-me lazy-load aspect\" src=\"data:image\/svg+xml,%3Csvg%20xmlns%3D&#39;http%3A%2F%2Fwww.w3.org%2F2000%2Fsvg&#39;%20viewBox%3D&#39;0%200%20800%20800&#39;%2F%3E\" data-src=\"https:\/\/docservices.com.py\/wp-content\/uploads\/2018\/08\/La-empresa-800x800.jpg\" data-srcset=\"https:\/\/docservices.com.py\/wp-content\/uploads\/2018\/08\/La-empresa-800x800.jpg 800w, https:\/\/docservices.com.py\/wp-content\/uploads\/2018\/08\/La-empresa-1081x1081.jpg 1081w\" loading=\"eager\" sizes=\"(max-width: 800px) 100vw, 800px\" width=\"800\" height=\"800\"  data-dt-location=\"https:\/\/docservices.com.py\/index.php\/about\/la-empresa\/\" style=\"--ratio: 800 \/ 800;border-radius:1000px;\" alt=\"\" \/><\/div><\/div><\/div>[\/vc_column][\/vc_row][vc_row][vc_column]<div id=\"ultimate-heading-915869da189c97f74\" class=\"uvc-heading ult-adjust-bottom-margin ultimate-heading-915869da189c97f74 uvc-5535 \" data-hspacer=\"no_spacer\"  data-halign=\"left\" style=\"text-align:left\"><div class=\"uvc-heading-spacer no_spacer\" style=\"top\"><\/div><div class=\"uvc-main-heading ult-responsive\"  data-ultimate-target='.uvc-heading.ultimate-heading-915869da189c97f74 h2'  data-responsive-json-new='{\"font-size\":\"desktop:40px;\",\"line-height\":\"desktop:46px;\"}' ><h2 style=\"font-weight:bold;margin-top:50px;margin-bottom:30px;\">Misi\u00f3n y Visi\u00f3n<\/h2><\/div><div class=\"uvc-sub-heading ult-responsive\"  data-ultimate-target='.uvc-heading.ultimate-heading-915869da189c97f74 .uvc-sub-heading '  data-responsive-json-new='{\"font-size\":\"desktop:20px;mobile_landscape:15px;\",\"line-height\":\"desktop:32px;mobile_landscape:22px;\"}'  style=\"font-style:italic;font-weight:normal;margin-top:50px;margin-bottom:30px;\"><\/p>\n<h3>Misi\u00f3n corporativa<\/h3>\n<p>DOC Services cree firmemente que la confianza es nuestra piedra angular, sin dudas nuestro \u00e9xito pasado se debi\u00f3 a la confianza de nuestros clientes y a nuestra red de colegas. Nuestra misi\u00f3n es construir la empresa seg\u00fan ese principio y contribuir al \u00e9xito de nuestros clientes en cualquier negocio en el que participemos.<\/p>\n<h3>Nuestra visi\u00f3n<\/h3>\n<p>Estamos orgullosos del alto nivel de nuestros servicios y de la integridad con la que dirigimos nuestra empresa. Nuestra visi\u00f3n es ser conocidos por esto y crecer como un proveedor l\u00edder en cada uno de nuestros servicios.<\/div><\/div>[vc_empty_space height=\u00bb80px\u00bb][\/vc_column][\/vc_row][vc_row content_placement=\u00bbmiddle\u00bb][vc_column][vc_btn title=\u00bbDeclaraci\u00f3n de Imparcialidad\u00bb link=\u00bburl:https%3A%2F%2Fdocservices.com.py%2Fwp-content%2Fuploads%2F2024%2F04%2FDeclaracion-de-Imparcialidad-FOR-SGC-019-Rev.-01-02-04-2024.pdf|target:_blank\u00bb][vc_btn title=\u00bbProcedimiento de manejo de quejas\u00bb link=\u00bburl:https%3A%2F%2Fdocservices.com.py%2Fwp-content%2Fuploads%2F2024%2F01%2FPR-SGC-005-Manejo-de-Quejas-y-Apelaciones-y-Satisfaccion-del-Cliente-Rev-01-25-05-2023.pdf|target:_blank\u00bb][vc_btn title=\u00bbFormulario de quejas y apelaciones\u00bb link=\u00bburl:https%3A%2F%2Fdocservices.com.py%2Fwp-content%2Fuploads%2F2024%2F04%2FFOR-SGC-013-Quejas-y-Apelaciones-Rev.-01-02-04-2024.doc|target:_blank\u00bb][\/vc_column][\/vc_row]<\/p>\n<\/div>","protected":false},"excerpt":{"rendered":"<p>[vc_row full_width=\u00bbstretch_row\u00bb equal_height=\u00bbyes\u00bb content_placement=\u00bbmiddle\u00bb bg_type=\u00bbbg_color\u00bb type=\u00bbvc_default\u00bb css=\u00bb.vc_custom_1498804043002{padding-top: 70px !important;padding-bottom: 20px !important;}\u00bb bg_color_value=\u00bb#f5f5f5&#8243;][vc_column css_animation=\u00bbfadeInRight\u00bb css=\u00bb.vc_custom_1533305439292{padding-bottom: 50px !important;}\u00bb offset=\u00bbvc_col-lg-8 vc_col-md-7&#8243;][\/vc_column][vc_column css_animation=\u00bbfadeInLeft\u00bb width=\u00bb1\/2&#8243; offset=\u00bbvc_col-lg-offset-0 vc_col-lg-4 vc_col-md-offset-0 vc_col-md-5 vc_col-sm-offset-3 vc_col-xs-offset-2 vc_col-xs-8&#8243; css=\u00bb.vc_custom_1533305457999{padding-bottom: 50px !important;}\u00bb][\/vc_column][\/vc_row][vc_row][vc_column][vc_empty_space height=\u00bb80px\u00bb][\/vc_column][\/vc_row][vc_row content_placement=\u00bbmiddle\u00bb][vc_column][vc_btn title=\u00bbDeclaraci\u00f3n de Imparcialidad\u00bb link=\u00bburl:https%3A%2F%2Fdocservices.com.py%2Fwp-content%2Fuploads%2F2024%2F04%2FDeclaracion-de-Imparcialidad-FOR-SGC-019-Rev.-01-02-04-2024.pdf|target:_blank\u00bb][vc_btn title=\u00bbProcedimiento de manejo de quejas\u00bb link=\u00bburl:https%3A%2F%2Fdocservices.com.py%2Fwp-content%2Fuploads%2F2024%2F01%2FPR-SGC-005-Manejo-de-Quejas-y-Apelaciones-y-Satisfaccion-del-Cliente-Rev-01-25-05-2023.pdf|target:_blank\u00bb][vc_btn title=\u00bbFormulario de quejas y apelaciones\u00bb link=\u00bburl:https%3A%2F%2Fdocservices.com.py%2Fwp-content%2Fuploads%2F2024%2F04%2FFOR-SGC-013-Quejas-y-Apelaciones-Rev.-01-02-04-2024.doc|target:_blank\u00bb][\/vc_column][\/vc_row]<\/p>\n","protected":false},"author":1,"featured_media":0,"parent":0,"menu_order":100,"comment_status":"closed","ping_status":"closed","template":"","meta":{"footnotes":""},"class_list":["post-5","page","type-page","status-publish","hentry","description-off"],"_links":{"self":[{"href":"https:\/\/docservices.com.py\/index.php\/wp-json\/wp\/v2\/pages\/5","targetHints":{"allow":["GET"]}}],"collection":[{"href":"https:\/\/docservices.com.py\/index.php\/wp-json\/wp\/v2\/pages"}],"about":[{"href":"https:\/\/docservices.com.py\/index.php\/wp-json\/wp\/v2\/types\/page"}],"author":[{"embeddable":true,"href":"https:\/\/docservices.com.py\/index.php\/wp-json\/wp\/v2\/users\/1"}],"replies":[{"embeddable":true,"href":"https:\/\/docservices.com.py\/index.php\/wp-json\/wp\/v2\/comments?post=5"}],"version-history":[{"count":13,"href":"https:\/\/docservices.com.py\/index.php\/wp-json\/wp\/v2\/pages\/5\/revisions"}],"predecessor-version":[{"id":1898,"href":"https:\/\/docservices.com.py\/index.php\/wp-json\/wp\/v2\/pages\/5\/revisions\/1898"}],"wp:attachment":[{"href":"https:\/\/docservices.com.py\/index.php\/wp-json\/wp\/v2\/media?parent=5"}],"curies":[{"name":"wp","href":"https:\/\/api.w.org\/{rel}","templated":true}]}}