{"id":1828,"date":"2018-08-07T22:40:27","date_gmt":"2018-08-07T22:40:27","guid":{"rendered":"https:\/\/docservices.com.py\/?page_id=1828"},"modified":"2018-08-13T14:55:23","modified_gmt":"2018-08-13T14:55:23","slug":"servicios-de-metrologia","status":"publish","type":"page","link":"https:\/\/docservices.com.py\/index.php\/servicios-de-metrologia\/","title":{"rendered":"Servicios de metrolog\u00eda"},"content":{"rendered":"<div class=\"wpb-content-wrapper\"><p>[vc_row parallax=\u00bbcontent-moving\u00bb css=\u00bb.vc_custom_1533578382017{padding-top: 200px !important;padding-bottom: 200px !important;background-image: url(https:\/\/docservices.com.py\/wp-content\/uploads\/2018\/08\/bigstock-Oil-Storage-Tanks-49161002.jpg?id=1804) !important;background-position: center;background-repeat: no-repeat !important;background-size: cover !important;}\u00bb][vc_column width=\u00bb1\/4&#8243; css=\u00bb.vc_custom_1490104918682{background-position: center !important;background-repeat: no-repeat !important;background-size: cover !important;}\u00bb][vc_separator color=\u00bbcustom\u00bb align=\u00bbalign_right\u00bb border_width=\u00bb4&#8243; el_width=\u00bb70&#8243; accent_color=\u00bb#ffffff\u00bb][\/vc_column][vc_column width=\u00bb1\/2&#8243;][vc_custom_heading text=\u00bb\u00bb font_container=\u00bbtag:h2|font_size:60|text_align:left|color:%23ffffff\u00bb google_fonts=\u00bbfont_family:Raleway%3A100%2C200%2C300%2Cregular%2C500%2C600%2C700%2C800%2C900|font_style:300%20light%20regular%3A300%3Anormal\u00bb][vc_column_text][\/vc_column_text][\/vc_column][vc_column width=\u00bb1\/4&#8243;][\/vc_column][\/vc_row][vc_row][vc_column width=\u00bb1\/3&#8243;][vc_custom_heading text=\u00bbServicios de Metrolog\u00eda\u00bb font_container=\u00bbtag:h3|font_size:40|text_align:right\u00bb google_fonts=\u00bbfont_family:Raleway%3A100%2C200%2C300%2Cregular%2C500%2C600%2C700%2C800%2C900|font_style:400%20regular%3A400%3Anormal\u00bb][\/vc_column][vc_column width=\u00bb2\/3&#8243;][vc_column_text]Nuestros servicios en el \u00e1rea de metrolog\u00eda son amplios y satisfacen las necesidades<br \/>\nde nuestros clientes en diferentes mercados.<br \/>\nApreciamos sus consultas sobre temas particulares para realizar servicios a la medida<br \/>\nde sus necesidades. A modo de gu\u00eda, enumeramos a continuaci\u00f3n los servicios m\u00e1s<br \/>\nfrecuentes:<\/p>\n<p><strong>Calibraci\u00f3n de tanques:<\/strong><\/p>\n<ul>\n<li>Calibraci\u00f3n de tanques cil\u00edndricos verticales de cualquier tama\u00f1o por m\u00e9todo<br \/>\n\u00f3ptico.<\/li>\n<li>Calibraci\u00f3n de tanques cil\u00edndricos horizontales (Cigarros).<\/li>\n<li>Calibraci\u00f3n de tanques en lecher\u00edas.<\/li>\n<li>Calibraci\u00f3n de tanques de camiones.<\/li>\n<li>Calibraci\u00f3n de tanques de barcazas y remolcadores.<\/li>\n<li>Calibraci\u00f3n de tanques subterr\u00e1neos en Estaciones de servicio.<\/li>\n<\/ul>\n<p><strong>Certificaci\u00f3n de Izaje (Pruebas de carga):<\/strong><\/p>\n<ul>\n<li>Certificamos el peso o capacidad de izaje de todo tipo de gr\u00faas.<\/li>\n<li>Inspecciones t\u00e9cnicas de seguridad de todo tipo de gr\u00faas y su certificaci\u00f3n.<\/li>\n<\/ul>\n<p><strong>Verificaci\u00f3n de la Calibraci\u00f3n de medidores volum\u00e9tricos:<\/strong><\/p>\n<ul>\n<li>Verificacion de medidores volum\u00e9tricos de despacho de combustible a<br \/>\ncamiones<\/li>\n<\/ul>\n<p>Se verifican los medidores volum\u00e9tricos de despacho de combustible a camiones<br \/>\ncisterna a trav\u00e9s de nuestra unidad calibradora de 3.000 litros. De capacidad.<\/p>\n<ul>\n<li>Verificacion de surtidores de combustible en E.E.S.S.<\/li>\n<li>Se verifica la exactitud de las bombas de despacho de Estaciones de servicio a trav\u00e9s de unidades calibradoras de 20 litros.<\/li>\n<\/ul>\n<p><strong>Calibracion de tanques subterr\u00e1neos en Estaciones de servicio<\/strong><\/p>\n<ul>\n<li>Se realiza el calibrado de tanques de Estaciones de servicio a trav\u00e9s de unidades<br \/>\ncalibradoras de 200 litros de capacidad.<\/li>\n<\/ul>\n<p><strong>Calculo de volumen y peso de materiales solidos a granel en dep\u00f3sitos:<\/strong><br \/>\nPor medio de telemetr\u00eda se calcula el volumen y a partir de este el peso de<br \/>\nmercader\u00eda en dep\u00f3sitos o silos. Se utiliza habitualmente para granos, harinas y<br \/>\nfertilizantes a granel aunque puede hacerse para cualquier solido a granel susceptible<br \/>\nde ser medido.[\/vc_column_text][\/vc_column][\/vc_row]<\/p>\n<\/div>","protected":false},"excerpt":{"rendered":"<p>[vc_row parallax=\u00bbcontent-moving\u00bb css=\u00bb.vc_custom_1533578382017{padding-top: 200px !important;padding-bottom: 200px !important;background-image: url(https:\/\/docservices.com.py\/wp-content\/uploads\/2018\/08\/bigstock-Oil-Storage-Tanks-49161002.jpg?id=1804) !important;background-position: center;background-repeat: no-repeat !important;background-size: cover !important;}\u00bb][vc_column width=\u00bb1\/4&#8243; css=\u00bb.vc_custom_1490104918682{background-position: center !important;background-repeat: no-repeat !important;background-size: cover !important;}\u00bb][vc_separator color=\u00bbcustom\u00bb align=\u00bbalign_right\u00bb border_width=\u00bb4&#8243; el_width=\u00bb70&#8243; accent_color=\u00bb#ffffff\u00bb][\/vc_column][vc_column width=\u00bb1\/2&#8243;][vc_custom_heading text=\u00bb\u00bb font_container=\u00bbtag:h2|font_size:60|text_align:left|color:%23ffffff\u00bb google_fonts=\u00bbfont_family:Raleway%3A100%2C200%2C300%2Cregular%2C500%2C600%2C700%2C800%2C900|font_style:300%20light%20regular%3A300%3Anormal\u00bb][vc_column_text][\/vc_column_text][\/vc_column][vc_column width=\u00bb1\/4&#8243;][\/vc_column][\/vc_row][vc_row][vc_column width=\u00bb1\/3&#8243;][vc_custom_heading text=\u00bbServicios de Metrolog\u00eda\u00bb font_container=\u00bbtag:h3|font_size:40|text_align:right\u00bb google_fonts=\u00bbfont_family:Raleway%3A100%2C200%2C300%2Cregular%2C500%2C600%2C700%2C800%2C900|font_style:400%20regular%3A400%3Anormal\u00bb][\/vc_column][vc_column width=\u00bb2\/3&#8243;][vc_column_text]Nuestros servicios en el \u00e1rea de metrolog\u00eda son amplios y satisfacen las necesidades de nuestros clientes en&hellip;<\/p>\n","protected":false},"author":1,"featured_media":0,"parent":0,"menu_order":0,"comment_status":"closed","ping_status":"closed","template":"","meta":{"footnotes":""},"class_list":["post-1828","page","type-page","status-publish","hentry","description-off"],"_links":{"self":[{"href":"https:\/\/docservices.com.py\/index.php\/wp-json\/wp\/v2\/pages\/1828","targetHints":{"allow":["GET"]}}],"collection":[{"href":"https:\/\/docservices.com.py\/index.php\/wp-json\/wp\/v2\/pages"}],"about":[{"href":"https:\/\/docservices.com.py\/index.php\/wp-json\/wp\/v2\/types\/page"}],"author":[{"embeddable":true,"href":"https:\/\/docservices.com.py\/index.php\/wp-json\/wp\/v2\/users\/1"}],"replies":[{"embeddable":true,"href":"https:\/\/docservices.com.py\/index.php\/wp-json\/wp\/v2\/comments?post=1828"}],"version-history":[{"count":3,"href":"https:\/\/docservices.com.py\/index.php\/wp-json\/wp\/v2\/pages\/1828\/revisions"}],"predecessor-version":[{"id":1867,"href":"https:\/\/docservices.com.py\/index.php\/wp-json\/wp\/v2\/pages\/1828\/revisions\/1867"}],"wp:attachment":[{"href":"https:\/\/docservices.com.py\/index.php\/wp-json\/wp\/v2\/media?parent=1828"}],"curies":[{"name":"wp","href":"https:\/\/api.w.org\/{rel}","templated":true}]}}