{"id":1824,"date":"2018-08-07T22:37:36","date_gmt":"2018-08-07T22:37:36","guid":{"rendered":"https:\/\/docservices.com.py\/?page_id=1824"},"modified":"2018-08-13T14:41:15","modified_gmt":"2018-08-13T14:41:15","slug":"inspecciones-agricolas","status":"publish","type":"page","link":"https:\/\/docservices.com.py\/index.php\/inspecciones-agricolas\/","title":{"rendered":"Inspecciones agr\u00edcolas"},"content":{"rendered":"<div class=\"wpb-content-wrapper\"><p>[vc_row parallax=\u00bbcontent-moving\u00bb css=\u00bb.vc_custom_1534171077961{padding-top: 200px !important;padding-bottom: 200px !important;background-image: url(https:\/\/docservices.com.py\/wp-content\/uploads\/2018\/08\/Agricola.jpg?id=1862) !important;background-position: center;background-repeat: no-repeat !important;background-size: cover !important;}\u00bb][vc_column width=\u00bb1\/4&#8243; css=\u00bb.vc_custom_1490104918682{background-position: center !important;background-repeat: no-repeat !important;background-size: cover !important;}\u00bb][vc_separator color=\u00bbcustom\u00bb align=\u00bbalign_right\u00bb border_width=\u00bb4&#8243; el_width=\u00bb70&#8243; accent_color=\u00bb#ffffff\u00bb][\/vc_column][vc_column width=\u00bb1\/2&#8243;][vc_custom_heading text=\u00bb\u00bb font_container=\u00bbtag:h2|font_size:60|text_align:left|color:%23ffffff\u00bb google_fonts=\u00bbfont_family:Raleway%3A100%2C200%2C300%2Cregular%2C500%2C600%2C700%2C800%2C900|font_style:300%20light%20regular%3A300%3Anormal\u00bb][vc_column_text][\/vc_column_text][\/vc_column][vc_column width=\u00bb1\/4&#8243;][\/vc_column][\/vc_row][vc_row][vc_column width=\u00bb1\/3&#8243;][vc_custom_heading text=\u00bbInspecciones agr\u00edcolas\u00bb font_container=\u00bbtag:h3|font_size:40|text_align:right\u00bb google_fonts=\u00bbfont_family:Raleway%3A100%2C200%2C300%2Cregular%2C500%2C600%2C700%2C800%2C900|font_style:400%20regular%3A400%3Anormal\u00bb][\/vc_column][vc_column width=\u00bb2\/3&#8243;][vc_column_text]El producto (granos, semillas oleaginosas, aceites vegetales, harinas, pellets, etc.) se inspecciona previamente o durante el env\u00edo. Esto ocurre en las instalaciones del proveedor o en otro locales seg\u00fan se especifique. La inspecci\u00f3n busca asegurar que la mercanc\u00eda se ajusta estrictamente a las especificaciones acordadas.<\/p>\n<p>Siempre adaptamos nuestros servicios a las necesidades de nuestros clientes. Estos pueden incluir los siguientes alcance de los servicios:<\/p>\n<ul>\n<li>Inspecci\u00f3n y aprobaci\u00f3n de las bodegas para garantizar las condiciones adecuadas para la carga.<\/li>\n<li>Inspecci\u00f3n y aprobaci\u00f3n de tapas de escotilla para garantizar que sean estancas.<\/li>\n<li>Realizaci\u00f3n de un levantamiento preliminar inicial y final para establecer el peso de la carga, durante la carga y\/o descarga.Operaciones.<\/li>\n<li>Supervisi\u00f3n durante la carga \/ descarga.<\/li>\n<li>Muestreo durante operaciones completas de carga y \/ o descarga y preparaci\u00f3n de<br \/>\nmuestras contractuales.<\/li>\n<li>Preparaci\u00f3n de muestras de sub-lotes y muestras compuestas finales.<\/li>\n<li>Realizaci\u00f3n de an\u00e1lisis de muestras de sub-lotes durante las operaciones de carga y\/o descarga.<\/li>\n<li>Realizaci\u00f3n de an\u00e1lisis de muestras compuestas finales.<\/li>\n<li>Comprobaci\u00f3n de embalaje y marcado.<\/li>\n<li>Control de peso aleatorio de las bolsas.<\/li>\n<li>Evaluaci\u00f3n de da\u00f1os, si corresponde.<\/li>\n<li>Reportes fotogr\u00e1ficos.<\/li>\n<li>Certificaci\u00f3n de calidad, cantidad y condici\u00f3n.<\/li>\n<\/ul>\n<p>Nuestros muchos servicios cubren los siguientes productos:<\/p>\n<ul>\n<li>Carga seca a granel.<\/li>\n<li>Carga a granel l\u00edquida.<\/li>\n<li>Embolsado de carga.<\/li>\n<li>Productos crudos.<\/li>\n<\/ul>\n<p>[\/vc_column_text][\/vc_column][\/vc_row]<\/p>\n<\/div>","protected":false},"excerpt":{"rendered":"<p>[vc_row parallax=\u00bbcontent-moving\u00bb css=\u00bb.vc_custom_1534171077961{padding-top: 200px !important;padding-bottom: 200px !important;background-image: url(https:\/\/docservices.com.py\/wp-content\/uploads\/2018\/08\/Agricola.jpg?id=1862) !important;background-position: center;background-repeat: no-repeat !important;background-size: cover !important;}\u00bb][vc_column width=\u00bb1\/4&#8243; css=\u00bb.vc_custom_1490104918682{background-position: center !important;background-repeat: no-repeat !important;background-size: cover !important;}\u00bb][vc_separator color=\u00bbcustom\u00bb align=\u00bbalign_right\u00bb border_width=\u00bb4&#8243; el_width=\u00bb70&#8243; accent_color=\u00bb#ffffff\u00bb][\/vc_column][vc_column width=\u00bb1\/2&#8243;][vc_custom_heading text=\u00bb\u00bb font_container=\u00bbtag:h2|font_size:60|text_align:left|color:%23ffffff\u00bb google_fonts=\u00bbfont_family:Raleway%3A100%2C200%2C300%2Cregular%2C500%2C600%2C700%2C800%2C900|font_style:300%20light%20regular%3A300%3Anormal\u00bb][vc_column_text][\/vc_column_text][\/vc_column][vc_column width=\u00bb1\/4&#8243;][\/vc_column][\/vc_row][vc_row][vc_column width=\u00bb1\/3&#8243;][vc_custom_heading text=\u00bbInspecciones agr\u00edcolas\u00bb font_container=\u00bbtag:h3|font_size:40|text_align:right\u00bb google_fonts=\u00bbfont_family:Raleway%3A100%2C200%2C300%2Cregular%2C500%2C600%2C700%2C800%2C900|font_style:400%20regular%3A400%3Anormal\u00bb][\/vc_column][vc_column width=\u00bb2\/3&#8243;][vc_column_text]El producto (granos, semillas oleaginosas, aceites vegetales, harinas, pellets, etc.) se inspecciona previamente o durante el env\u00edo. Esto&hellip;<\/p>\n","protected":false},"author":1,"featured_media":0,"parent":0,"menu_order":0,"comment_status":"closed","ping_status":"closed","template":"","meta":{"footnotes":""},"class_list":["post-1824","page","type-page","status-publish","hentry","description-off"],"_links":{"self":[{"href":"https:\/\/docservices.com.py\/index.php\/wp-json\/wp\/v2\/pages\/1824","targetHints":{"allow":["GET"]}}],"collection":[{"href":"https:\/\/docservices.com.py\/index.php\/wp-json\/wp\/v2\/pages"}],"about":[{"href":"https:\/\/docservices.com.py\/index.php\/wp-json\/wp\/v2\/types\/page"}],"author":[{"embeddable":true,"href":"https:\/\/docservices.com.py\/index.php\/wp-json\/wp\/v2\/users\/1"}],"replies":[{"embeddable":true,"href":"https:\/\/docservices.com.py\/index.php\/wp-json\/wp\/v2\/comments?post=1824"}],"version-history":[{"count":3,"href":"https:\/\/docservices.com.py\/index.php\/wp-json\/wp\/v2\/pages\/1824\/revisions"}],"predecessor-version":[{"id":1863,"href":"https:\/\/docservices.com.py\/index.php\/wp-json\/wp\/v2\/pages\/1824\/revisions\/1863"}],"wp:attachment":[{"href":"https:\/\/docservices.com.py\/index.php\/wp-json\/wp\/v2\/media?parent=1824"}],"curies":[{"name":"wp","href":"https:\/\/api.w.org\/{rel}","templated":true}]}}