{"id":1772,"date":"2018-08-03T14:27:39","date_gmt":"2018-08-03T14:27:39","guid":{"rendered":"https:\/\/docservices.com.py\/?page_id=1772"},"modified":"2018-08-13T13:43:27","modified_gmt":"2018-08-13T13:43:27","slug":"commitment","status":"publish","type":"page","link":"https:\/\/docservices.com.py\/index.php\/commitment\/","title":{"rendered":"COMPROMISO"},"content":{"rendered":"<div class=\"wpb-content-wrapper\"><p>[vc_row full_width=\u00bbstretch_row\u00bb equal_height=\u00bbyes\u00bb content_placement=\u00bbmiddle\u00bb bg_type=\u00bbbg_color\u00bb type=\u00bbvc_default\u00bb css=\u00bb.vc_custom_1498804043002{padding-top: 70px !important;padding-bottom: 20px !important;}\u00bb bg_color_value=\u00bb#f5f5f5&#8243;][vc_column css_animation=\u00bbfadeInRight\u00bb css=\u00bb.vc_custom_1533305439292{padding-bottom: 50px !important;}\u00bb offset=\u00bbvc_col-lg-8 vc_col-md-7&#8243;]<div id=\"ultimate-heading-804669da18c201659\" class=\"uvc-heading ult-adjust-bottom-margin ultimate-heading-804669da18c201659 uvc-9764 \" data-hspacer=\"no_spacer\"  data-halign=\"left\" style=\"text-align:left\"><div class=\"uvc-heading-spacer no_spacer\" style=\"top\"><\/div><div class=\"uvc-main-heading ult-responsive\"  data-ultimate-target='.uvc-heading.ultimate-heading-804669da18c201659 h2'  data-responsive-json-new='{\"font-size\":\"desktop:40px;\",\"line-height\":\"desktop:46px;\"}' ><h2 style=\"font-weight:bold;margin-bottom:30px;\">PRIMERA VEZ Y CADA VEZ, SIEMPRE UN SERVICIO PERSONAL<\/h2><\/div><div class=\"uvc-sub-heading ult-responsive\"  data-ultimate-target='.uvc-heading.ultimate-heading-804669da18c201659 .uvc-sub-heading '  data-responsive-json-new='{\"font-size\":\"desktop:20px;mobile_landscape:15px;\",\"line-height\":\"desktop:32px;mobile_landscape:22px;\"}'  style=\"font-style:italic;font-weight:normal;margin-bottom:30px;\">Nuestro compromiso es poder ofrecer un servicio personal. Esto significa que en el caso de que tenga una pregunta sobre alg\u00fan aspecto de su operaci\u00f3n, su pregunta no desaparecer\u00e1 o pasar\u00e1n d\u00edas por una respuesta. Ll\u00e1menos o env\u00edenos un correo electr\u00f3nico y le responderemos a tiempo para que nuestra respuesta sea valioso para usted.<\/p>\n<p>La industria del transporte mar\u00edtimo, las terminales portuarias, la recepci\u00f3n de mercanc\u00edas, el transporte por carretera o por tren, incluso en la actualidad, requiere profesionales calificados en todos los eslabones de la cadena para garantizar el \u00e9xito de la operaci\u00f3n. Conocemos esta cadena y c\u00f3mo funciona. Tenemos a\u00f1os de experiencia en el campo de la inspecci\u00f3n, la calibraci\u00f3n y el transporte mar\u00edtimo y fluvial. Adem\u00e1s, tenemos una relaci\u00f3n s\u00f3lida y duradera con muchos profesionales de la cadena log\u00edstica.<\/p>\n<p>Por todo lo anterior, sabemos perfectamente cu\u00e1n importante es un servicio personal y mantener el contacto para informarlo en cada etapa de la operaci\u00f3n. Es la \u00fanica forma en que sentir\u00e1 que sus intereses est\u00e1n siendo protegidos, incluso si se encuentra lejos de la operaci\u00f3n.<\/div><\/div><div id=\"ultimate-heading-242869da18c201727\" class=\"uvc-heading ult-adjust-bottom-margin ultimate-heading-242869da18c201727 uvc-8049 color-title\" data-hspacer=\"no_spacer\"  data-halign=\"left\" style=\"text-align:left\"><div class=\"uvc-heading-spacer no_spacer\" style=\"top\"><\/div><div class=\"uvc-main-heading ult-responsive\"  data-ultimate-target='.uvc-heading.ultimate-heading-242869da18c201727 h6'  data-responsive-json-new='{\"font-size\":\"desktop:26px;\",\"line-height\":\"desktop:32px;\"}' ><h6 style=\"font-weight:bold;margin-bottom:10px;\">\u00a1Tenemos claro cu\u00e1l es nuestra funci\u00f3n!<\/h6><\/div><\/div>[\/vc_column][vc_column css_animation=\u00bbfadeInLeft\u00bb width=\u00bb1\/2&#8243; offset=\u00bbvc_col-lg-offset-0 vc_col-lg-4 vc_col-md-offset-0 vc_col-md-5 vc_col-sm-offset-3 vc_col-xs-offset-2 vc_col-xs-8&#8243; css=\u00bb.vc_custom_1533305457999{padding-bottom: 50px !important;}\u00bb]<style type=\"text\/css\" data-type=\"the7_shortcodes-inline-css\">.shortcode-single-image-wrap.shortcode-single-image-2161e3b0f32d90f5f134b92e30908316.enable-bg-rollover .rollover i,\n.shortcode-single-image-wrap.shortcode-single-image-2161e3b0f32d90f5f134b92e30908316.enable-bg-rollover .rollover-video i {\n  background: -webkit-linear-gradient();\n  background: linear-gradient();\n}\n.shortcode-single-image-wrap.shortcode-single-image-2161e3b0f32d90f5f134b92e30908316 .rollover-icon {\n  font-size: 32px;\n  color: #ffffff;\n  min-width: 44px;\n  min-height: 44px;\n  line-height: 44px;\n  border-radius: 100px;\n  border-style: solid;\n  border-width: 0px;\n}\n.dt-icon-bg-on.shortcode-single-image-wrap.shortcode-single-image-2161e3b0f32d90f5f134b92e30908316 .rollover-icon {\n  background: rgba(255,255,255,0.3);\n  box-shadow: none;\n}<\/style><div class=\"shortcode-single-image-wrap shortcode-single-image-2161e3b0f32d90f5f134b92e30908316 alignnone  enable-bg-rollover dt-icon-bg-off\" style=\"margin-top:0px; margin-bottom:0px; margin-left:0px; margin-right:0px; width:800px;\"><div class=\"shortcode-single-image\"><div class=\"fancy-media-wrap  layzr-bg\" style=\"border-radius:1000px;\"><img fetchpriority=\"high\" decoding=\"async\" class=\"preload-me lazy-load aspect\" src=\"data:image\/svg+xml,%3Csvg%20xmlns%3D&#39;http%3A%2F%2Fwww.w3.org%2F2000%2Fsvg&#39;%20viewBox%3D&#39;0%200%20603%20603&#39;%2F%3E\" data-src=\"https:\/\/docservices.com.py\/wp-content\/uploads\/2018\/08\/Compromiso-603x603.jpg\" data-srcset=\"https:\/\/docservices.com.py\/wp-content\/uploads\/2018\/08\/Compromiso-603x603.jpg 603w\" loading=\"eager\" sizes=\"(max-width: 603px) 100vw, 603px\" width=\"603\" height=\"603\"  data-dt-location=\"https:\/\/docservices.com.py\/index.php\/commitment\/compromiso-2\/\" style=\"--ratio: 603 \/ 603;border-radius:1000px;\" alt=\"\" \/><\/div><\/div><\/div>[\/vc_column][\/vc_row]<\/p>\n<\/div>","protected":false},"excerpt":{"rendered":"<p>[vc_row full_width=\u00bbstretch_row\u00bb equal_height=\u00bbyes\u00bb content_placement=\u00bbmiddle\u00bb bg_type=\u00bbbg_color\u00bb type=\u00bbvc_default\u00bb css=\u00bb.vc_custom_1498804043002{padding-top: 70px !important;padding-bottom: 20px !important;}\u00bb bg_color_value=\u00bb#f5f5f5&#8243;][vc_column css_animation=\u00bbfadeInRight\u00bb css=\u00bb.vc_custom_1533305439292{padding-bottom: 50px !important;}\u00bb offset=\u00bbvc_col-lg-8 vc_col-md-7&#8243;][\/vc_column][vc_column css_animation=\u00bbfadeInLeft\u00bb width=\u00bb1\/2&#8243; offset=\u00bbvc_col-lg-offset-0 vc_col-lg-4 vc_col-md-offset-0 vc_col-md-5 vc_col-sm-offset-3 vc_col-xs-offset-2 vc_col-xs-8&#8243; css=\u00bb.vc_custom_1533305457999{padding-bottom: 50px !important;}\u00bb][\/vc_column][\/vc_row]<\/p>\n","protected":false},"author":1,"featured_media":0,"parent":0,"menu_order":100,"comment_status":"closed","ping_status":"closed","template":"","meta":{"footnotes":""},"class_list":["post-1772","page","type-page","status-publish","hentry","description-off"],"_links":{"self":[{"href":"https:\/\/docservices.com.py\/index.php\/wp-json\/wp\/v2\/pages\/1772","targetHints":{"allow":["GET"]}}],"collection":[{"href":"https:\/\/docservices.com.py\/index.php\/wp-json\/wp\/v2\/pages"}],"about":[{"href":"https:\/\/docservices.com.py\/index.php\/wp-json\/wp\/v2\/types\/page"}],"author":[{"embeddable":true,"href":"https:\/\/docservices.com.py\/index.php\/wp-json\/wp\/v2\/users\/1"}],"replies":[{"embeddable":true,"href":"https:\/\/docservices.com.py\/index.php\/wp-json\/wp\/v2\/comments?post=1772"}],"version-history":[{"count":5,"href":"https:\/\/docservices.com.py\/index.php\/wp-json\/wp\/v2\/pages\/1772\/revisions"}],"predecessor-version":[{"id":1852,"href":"https:\/\/docservices.com.py\/index.php\/wp-json\/wp\/v2\/pages\/1772\/revisions\/1852"}],"wp:attachment":[{"href":"https:\/\/docservices.com.py\/index.php\/wp-json\/wp\/v2\/media?parent=1772"}],"curies":[{"name":"wp","href":"https:\/\/api.w.org\/{rel}","templated":true}]}}